{"id":117297,"date":"2021-02-26T19:13:01","date_gmt":"2021-02-26T19:13:01","guid":{"rendered":"https:\/\/www.pomtava.pl\/ventile\/"},"modified":"2021-05-02T09:30:52","modified_gmt":"2021-05-02T09:30:52","slug":"ventile","status":"publish","type":"page","link":"https:\/\/www.pomtava.pl\/de\/ventile\/","title":{"rendered":"Ventile"},"content":{"rendered":"<p>[et_pb_section fb_built=&#8220;1&#8243; custom_padding_last_edited=&#8220;on|phone&#8220; admin_label=&#8220;Sekcja&#8220; module_id=&#8220;Angebot&#8220; module_class=&#8220;menu-icons&#8220; _builder_version=&#8220;4.9.0&#8243; background_color=&#8220;#253437&#8243; custom_padding=&#8220;10px||10px|&#8220; custom_padding_tablet=&#8220;20px||20px|&#8220; custom_padding_phone=&#8220;&#8220; transparent_background=&#8220;off&#8220; padding_mobile=&#8220;off&#8220; make_fullwidth=&#8220;off&#8220; use_custom_width=&#8220;off&#8220; width_unit=&#8220;on&#8220; global_module=&#8220;116796&#8243;][et_pb_row column_structure=&#8220;1_5,1_5,1_5,1_5,1_5&#8243; padding_mobile=&#8220;off&#8220; column_padding_mobile=&#8220;on&#8220; admin_label=&#8220;Wiersz&#8220; module_class=&#8220;home-icons&#8220; _builder_version=&#8220;4.9.0&#8243; background_size=&#8220;initial&#8220; background_position=&#8220;top_left&#8220; background_repeat=&#8220;repeat&#8220; make_fullwidth=&#8220;off&#8220; use_custom_width=&#8220;off&#8220; width_unit=&#8220;on&#8220;][et_pb_column type=&#8220;1_5&#8243; _builder_version=&#8220;3.25&#8243; custom_padding=&#8220;|||&#8220; custom_padding__hover=&#8220;|||&#8220;][et_pb_blurb title=&#8220;Zahnradpumpe&#8220; url=&#8220;@ET-DC@eyJkeW5hbWljIjp0cnVlLCJjb250ZW50IjoicG9zdF9saW5rX3VybF9wYWdlIiwic2V0dGluZ3MiOnsicG9zdF9pZCI6IjExNjE2NiJ9fQ==@&#8220; image=&#8220;https:\/\/www.pomtava.pl\/wp-content\/uploads\/2017\/04\/technilak_menu_icons_pompy_zebate.png&#8220; image_max_width=&#8220;none&#8220; admin_label=&#8220;Pompy z\u0119bate&#8220; module_class=&#8220;pompy blurb_click&#8220; _builder_version=&#8220;4.9.0&#8243; _dynamic_attributes=&#8220;url,link_option_url&#8220; header_font=&#8220;Montserrat|||on|||||&#8220; header_font_size=&#8220;20px&#8220; header_line_height=&#8220;1.2em&#8220; background_size=&#8220;initial&#8220; background_position=&#8220;top_left&#8220; background_repeat=&#8220;repeat&#8220; text_orientation=&#8220;center&#8220; background_layout=&#8220;dark&#8220; min_height=&#8220;260px&#8220; custom_padding=&#8220;25px|10px|25px|10px&#8220; animation=&#8220;left&#8220; link_option_url=&#8220;@ET-DC@eyJkeW5hbWljIjp0cnVlLCJjb250ZW50IjoicG9zdF9saW5rX3VybF9wYWdlIiwic2V0dGluZ3MiOnsicG9zdF9pZCI6IjExNjE2NiJ9fQ==@&#8220; header_font_size_tablet=&#8220;18&#8243; header_font_size_phone=&#8220;&#8220; header_font_size_last_edited=&#8220;on|phone&#8220; custom_css_main_element=&#8220;border: 3px solid #fff;||border-radius: 20px;&#8220; custom_css_blurb_image=&#8220;width: 119px;||height: 119px;||margin-left: auto;||margin-right: auto;||display: block;||margin-bottom: 23px;&#8220; custom_css_blurb_title=&#8220;margin:0;||font-weight: 400;&#8220; custom_css_blurb_content=&#8220;display:block;&#8220; use_border_color=&#8220;off&#8220; border_color=&#8220;#ffffff&#8220; border_style=&#8220;solid&#8220;][\/et_pb_blurb][\/et_pb_column][et_pb_column type=&#8220;1_5&#8243; _builder_version=&#8220;3.25&#8243; custom_padding=&#8220;|||&#8220; custom_padding__hover=&#8220;|||&#8220;][et_pb_blurb title=&#8220;Farbwechsler&#8220; url=&#8220;@ET-DC@eyJkeW5hbWljIjp0cnVlLCJjb250ZW50IjoicG9zdF9saW5rX3VybF9wYWdlIiwic2V0dGluZ3MiOnsicG9zdF9pZCI6IjExNjUxNCJ9fQ==@&#8220; image=&#8220;https:\/\/www.pomtava.pl\/wp-content\/uploads\/2021\/02\/pomtava_service_menu_icons_zaworki_zmieniacze_koloru.png&#8220; image_max_width=&#8220;none&#8220; admin_label=&#8220;Rozwi\u0105zania&#8220; module_class=&#8220;zmieniacze blurb_click&#8220; _builder_version=&#8220;4.9.0&#8243; _dynamic_attributes=&#8220;url,link_option_url&#8220; header_font=&#8220;Montserrat|||on|&#8220; header_font_size=&#8220;20px&#8220; header_line_height=&#8220;1.2em&#8220; background_size=&#8220;initial&#8220; background_position=&#8220;top_left&#8220; background_repeat=&#8220;repeat&#8220; text_orientation=&#8220;center&#8220; background_layout=&#8220;dark&#8220; min_height=&#8220;260px&#8220; custom_padding=&#8220;25px|10px|25px|10px&#8220; animation=&#8220;left&#8220; link_option_url=&#8220;@ET-DC@eyJkeW5hbWljIjp0cnVlLCJjb250ZW50IjoicG9zdF9saW5rX3VybF9wYWdlIiwic2V0dGluZ3MiOnsicG9zdF9pZCI6IjExNjUxNCJ9fQ==@&#8220; header_font_size_tablet=&#8220;18&#8243; header_font_size_phone=&#8220;&#8220; header_font_size_last_edited=&#8220;on|phone&#8220; custom_css_main_element=&#8220;border: 3px solid #fff;||border-radius: 20px;&#8220; custom_css_blurb_image=&#8220;margin-bottom: 20px;&#8220; custom_css_blurb_title=&#8220;margin:0;||font-weight: 400;&#8220; custom_css_blurb_content=&#8220;display:block;&#8220; use_border_color=&#8220;off&#8220; border_color=&#8220;#ffffff&#8220; border_style=&#8220;solid&#8220; global_colors_info=&#8220;{}&#8220;][\/et_pb_blurb][\/et_pb_column][et_pb_column type=&#8220;1_5&#8243; _builder_version=&#8220;3.25&#8243; custom_padding=&#8220;|||&#8220; custom_padding__hover=&#8220;|||&#8220;][et_pb_blurb title=&#8220;Ventile&#8220; url=&#8220;@ET-DC@eyJkeW5hbWljIjp0cnVlLCJjb250ZW50IjoicG9zdF9saW5rX3VybF9wYWdlIiwic2V0dGluZ3MiOnsicG9zdF9pZCI6IjExNjUxOSJ9fQ==@&#8220; image=&#8220;https:\/\/www.pomtava.pl\/wp-content\/uploads\/2021\/02\/pomtava_service_menu_icons_zaworki.png&#8220; image_max_width=&#8220;none&#8220; admin_label=&#8220;Dostawcy&#8220; module_class=&#8220;zaworki blurb_click&#8220; _builder_version=&#8220;4.9.0&#8243; _dynamic_attributes=&#8220;url,link_option_url&#8220; header_font=&#8220;Montserrat|||on|&#8220; header_font_size=&#8220;20px&#8220; header_line_height=&#8220;1.2em&#8220; background_size=&#8220;initial&#8220; background_position=&#8220;top_left&#8220; background_repeat=&#8220;repeat&#8220; text_orientation=&#8220;center&#8220; background_layout=&#8220;dark&#8220; min_height=&#8220;260px&#8220; custom_padding=&#8220;25px|10px|25px|10px&#8220; link_option_url=&#8220;@ET-DC@eyJkeW5hbWljIjp0cnVlLCJjb250ZW50IjoicG9zdF9saW5rX3VybF9wYWdlIiwic2V0dGluZ3MiOnsicG9zdF9pZCI6IjExNjUxOSJ9fQ==@&#8220; header_font_size_tablet=&#8220;18&#8243; header_font_size_phone=&#8220;&#8220; header_font_size_last_edited=&#8220;on|phone&#8220; custom_css_main_element=&#8220;border: 3px solid #fff;||border-radius: 20px;&#8220; custom_css_blurb_image=&#8220;margin-bottom: 20px;&#8220; custom_css_blurb_title=&#8220;margin:0;||font-weight: 400;&#8220; custom_css_blurb_content=&#8220;display:block;&#8220; use_border_color=&#8220;off&#8220; border_color=&#8220;#ffffff&#8220; border_style=&#8220;solid&#8220; global_colors_info=&#8220;{}&#8220;][\/et_pb_blurb][\/et_pb_column][et_pb_column type=&#8220;1_5&#8243; _builder_version=&#8220;3.25&#8243; custom_padding=&#8220;|||&#8220; custom_padding__hover=&#8220;|||&#8220;][et_pb_blurb title=&#8220;Zubeh\u00f6r&#8220; url=&#8220;@ET-DC@eyJkeW5hbWljIjp0cnVlLCJjb250ZW50IjoicG9zdF9saW5rX3VybF9wYWdlIiwic2V0dGluZ3MiOnsicG9zdF9pZCI6IjExNjM2OSJ9fQ==@&#8220; image=&#8220;https:\/\/www.pomtava.pl\/wp-content\/uploads\/2021\/02\/pomtava_service_menu_icons_akcesoria.png&#8220; image_max_width=&#8220;none&#8220; admin_label=&#8220;Dostawcy&#8220; module_class=&#8220;akcesoria blurb_click&#8220; _builder_version=&#8220;4.9.0&#8243; _dynamic_attributes=&#8220;url,link_option_url&#8220; header_font=&#8220;Montserrat|||on|&#8220; header_font_size=&#8220;20px&#8220; header_line_height=&#8220;1.2em&#8220; background_size=&#8220;initial&#8220; background_position=&#8220;top_left&#8220; background_repeat=&#8220;repeat&#8220; text_orientation=&#8220;center&#8220; background_layout=&#8220;dark&#8220; min_height=&#8220;260px&#8220; custom_padding=&#8220;25px|10px|25px|10px&#8220; animation=&#8220;right&#8220; link_option_url=&#8220;@ET-DC@eyJkeW5hbWljIjp0cnVlLCJjb250ZW50IjoicG9zdF9saW5rX3VybF9wYWdlIiwic2V0dGluZ3MiOnsicG9zdF9pZCI6IjExNjM2OSJ9fQ==@&#8220; header_font_size_tablet=&#8220;18&#8243; header_font_size_phone=&#8220;&#8220; header_font_size_last_edited=&#8220;on|phone&#8220; custom_css_main_element=&#8220;border: 3px solid #fff;||border-radius: 20px;&#8220; custom_css_blurb_image=&#8220;margin-bottom: 20px;&#8220; custom_css_blurb_title=&#8220;margin:0;||font-weight: 400;&#8220; custom_css_blurb_content=&#8220;display:block;&#8220; use_border_color=&#8220;off&#8220; border_color=&#8220;#ffffff&#8220; border_style=&#8220;solid&#8220; global_colors_info=&#8220;{}&#8220;][\/et_pb_blurb][\/et_pb_column][et_pb_column type=&#8220;1_5&#8243; _builder_version=&#8220;3.25&#8243; custom_padding=&#8220;|||&#8220; custom_padding__hover=&#8220;|||&#8220;][et_pb_blurb title=&#8220;Reparatur &amp; Service&#8220; url=&#8220;@ET-DC@eyJkeW5hbWljIjp0cnVlLCJjb250ZW50IjoicG9zdF9saW5rX3VybF9wYWdlIiwic2V0dGluZ3MiOnsicG9zdF9pZCI6IjExNjQ4MSJ9fQ==@&#8220; image=&#8220;https:\/\/www.pomtava.pl\/wp-content\/uploads\/2017\/04\/technilak_menu_icons_produkty.png&#8220; image_max_width=&#8220;none&#8220; admin_label=&#8220;Produkty&#8220; module_class=&#8220;serwis blurb_click&#8220; _builder_version=&#8220;4.9.0&#8243; _dynamic_attributes=&#8220;url,link_option_url&#8220; header_font=&#8220;Montserrat|||on|&#8220; header_font_size=&#8220;20px&#8220; header_line_height=&#8220;1.2em&#8220; background_size=&#8220;initial&#8220; background_position=&#8220;top_left&#8220; background_repeat=&#8220;repeat&#8220; text_orientation=&#8220;center&#8220; background_layout=&#8220;dark&#8220; min_height=&#8220;260px&#8220; custom_padding=&#8220;25px|10px|25px|10px&#8220; animation=&#8220;right&#8220; link_option_url=&#8220;@ET-DC@eyJkeW5hbWljIjp0cnVlLCJjb250ZW50IjoicG9zdF9saW5rX3VybF9wYWdlIiwic2V0dGluZ3MiOnsicG9zdF9pZCI6IjExNjQ4MSJ9fQ==@&#8220; header_font_size_tablet=&#8220;18&#8243; header_font_size_phone=&#8220;&#8220; header_font_size_last_edited=&#8220;on|phone&#8220; custom_css_main_element=&#8220;border: 3px solid #fff;||border-radius: 20px;&#8220; custom_css_blurb_image=&#8220;margin-bottom: 20px;&#8220; custom_css_blurb_title=&#8220;margin:0;||font-weight: 400;&#8220; custom_css_blurb_content=&#8220;display:block;&#8220; use_border_color=&#8220;off&#8220; border_color=&#8220;#ffffff&#8220; border_style=&#8220;solid&#8220; global_colors_info=&#8220;{}&#8220;][\/et_pb_blurb][\/et_pb_column][\/et_pb_row][\/et_pb_section][et_pb_section fb_built=&#8220;1&#8243; custom_padding_last_edited=&#8220;on|phone&#8220; admin_label=&#8220;Produkt&#8220; _builder_version=&#8220;4.8.2&#8243; custom_padding=&#8220;0px||10px|&#8220; custom_padding_tablet=&#8220;1px||1px|&#8220; custom_padding_phone=&#8220;&#8220; transparent_background=&#8220;off&#8220; padding_mobile=&#8220;off&#8220; make_fullwidth=&#8220;off&#8220; use_custom_width=&#8220;off&#8220; width_unit=&#8220;on&#8220;][et_pb_row padding_mobile=&#8220;off&#8220; column_padding_mobile=&#8220;on&#8220; custom_padding_last_edited=&#8220;on|phone&#8220; admin_label=&#8220;Wiersz&#8220; _builder_version=&#8220;3.25&#8243; background_size=&#8220;initial&#8220; background_position=&#8220;top_left&#8220; background_repeat=&#8220;repeat&#8220; custom_padding=&#8220;10px||0px|&#8220; custom_padding_tablet=&#8220;1px||1px|&#8220; custom_padding_phone=&#8220;&#8220; make_fullwidth=&#8220;off&#8220; use_custom_width=&#8220;off&#8220; width_unit=&#8220;on&#8220;][et_pb_column type=&#8220;4_4&#8243; _builder_version=&#8220;3.25&#8243; custom_padding=&#8220;|||&#8220; custom_padding__hover=&#8220;|||&#8220;][et_pb_text admin_label=&#8220;Techniki lakiernicze&#8220; module_class=&#8220;naglowki&#8220; _builder_version=&#8220;4.8.2&#8243; _dynamic_attributes=&#8220;content&#8220; background_size=&#8220;initial&#8220; background_position=&#8220;top_left&#8220; background_repeat=&#8220;repeat&#8220; use_border_color=&#8220;off&#8220; border_color=&#8220;#ffffff&#8220; border_style=&#8220;solid&#8220;]@ET-DC@eyJkeW5hbWljIjp0cnVlLCJjb250ZW50IjoicG9zdF90aXRsZSIsInNldHRpbmdzIjp7ImJlZm9yZSI6IjxoMj4iLCJhZnRlciI6IjxcL2gyPiJ9fQ==@[\/et_pb_text][\/et_pb_column][\/et_pb_row][et_pb_row column_structure=&#8220;1_2,1_4,1_4&#8243; use_custom_gutter=&#8220;on&#8220; gutter_width=&#8220;2&#8243; padding_mobile=&#8220;off&#8220; column_padding_mobile=&#8220;on&#8220; custom_padding_last_edited=&#8220;on|phone&#8220; admin_label=&#8220;Wiersz&#8220; _builder_version=&#8220;3.25&#8243; background_size=&#8220;initial&#8220; background_position=&#8220;top_left&#8220; background_repeat=&#8220;repeat&#8220; custom_padding=&#8220;27px||27px|&#8220; custom_padding_tablet=&#8220;1px||1px|&#8220; custom_padding_phone=&#8220;&#8220; make_fullwidth=&#8220;off&#8220; use_custom_width=&#8220;off&#8220; width_unit=&#8220;on&#8220;][et_pb_column type=&#8220;1_2&#8243; _builder_version=&#8220;3.25&#8243; custom_padding=&#8220;|||&#8220; custom_padding__hover=&#8220;|||&#8220;][et_pb_text admin_label=&#8220;Oferujemy&#8220; module_class=&#8220;naglowki&#8220; _builder_version=&#8220;3.27.4&#8243; background_size=&#8220;initial&#8220; background_position=&#8220;top_left&#8220; background_repeat=&#8220;repeat&#8220; use_border_color=&#8220;off&#8220; border_color=&#8220;#ffffff&#8220; border_style=&#8220;solid&#8220;]<\/p>\n<h3>Pomtava-Nadelventile<\/h3>\n<ul>\n<li>Ventile sind ATEX-konform<\/li>\n<li>durch Druckluft ge\u00f6ffnet, durch Feder geschlossen<\/li>\n<li>spezielle Konstruktion erleichtert das Sp\u00fclen des Ventils<\/li>\n<li>geeignet f\u00fcr die meisten verwendeten Farben, Lacke und L\u00f6sungsmittel<\/li>\n<li>Spezialventile f\u00fcr H\u00e4rter VPT1 und VPT2<\/li>\n<li>erm\u00f6glicht auch das Arbeiten mit erw\u00e4rmten Fl\u00fcssigkeiten (z. B. Epoxidharzen)<\/li>\n<li>Schweizer Qualit\u00e4t<\/li>\n<\/ul>\n<p>[\/et_pb_text][\/et_pb_column][et_pb_column type=&#8220;1_4&#8243; _builder_version=&#8220;3.25&#8243; custom_padding=&#8220;|||&#8220; custom_padding__hover=&#8220;|||&#8220;][et_pb_image src=&#8220;https:\/\/www.pomtava.pl\/wp-content\/uploads\/2021\/02\/Zaworek-utwardzacza-VPT1.png&#8220; alt=&#8220;Zaworek utwardzacza VPT1&#8243; title_text=&#8220;Zaworek utwardzacza VPT1&#8243; show_in_lightbox=&#8220;on&#8220; use_overlay=&#8220;on&#8220; hover_overlay_color=&#8220;rgba(255,255,255,0.5)&#8220; align=&#8220;center&#8220; align_tablet=&#8220;center&#8220; align_phone=&#8220;&#8220; align_last_edited=&#8220;on|desktop&#8220; admin_label=&#8220;Obraz&#8220; module_class=&#8220;produkty_opis_img image-hover&#8220; _builder_version=&#8220;4.8.2&#8243; animation_style=&#8220;slide&#8220; animation_direction=&#8220;top&#8220; animation_duration=&#8220;500ms&#8220; animation_intensity_slide=&#8220;10%&#8220; use_border_color=&#8220;off&#8220; border_color=&#8220;#253437&#8243; border_style=&#8220;solid&#8220; animation=&#8220;top&#8220; sticky=&#8220;off&#8220; always_center_on_mobile=&#8220;on&#8220;][\/et_pb_image][et_pb_image src=&#8220;https:\/\/www.pomtava.pl\/wp-content\/uploads\/2021\/02\/Zaworek-do-utwardzacza-300&#215;176-1.png&#8220; alt=&#8220;Zaworek utwardzacza VPT1&#8243; title_text=&#8220;Zaworek utwardzacza VPT1&#8243; show_in_lightbox=&#8220;on&#8220; use_overlay=&#8220;on&#8220; hover_overlay_color=&#8220;rgba(255,255,255,0.5)&#8220; align=&#8220;center&#8220; align_tablet=&#8220;center&#8220; align_phone=&#8220;&#8220; align_last_edited=&#8220;on|desktop&#8220; admin_label=&#8220;Obraz&#8220; module_class=&#8220;produkty_opis_img image-hover&#8220; _builder_version=&#8220;4.8.2&#8243; height=&#8220;110px&#8220; animation_style=&#8220;slide&#8220; animation_direction=&#8220;top&#8220; animation_duration=&#8220;500ms&#8220; animation_intensity_slide=&#8220;10%&#8220; use_border_color=&#8220;off&#8220; border_color=&#8220;#253437&#8243; border_style=&#8220;solid&#8220; animation=&#8220;top&#8220; sticky=&#8220;off&#8220; always_center_on_mobile=&#8220;on&#8220; locked=&#8220;off&#8220;][\/et_pb_image][\/et_pb_column][et_pb_column type=&#8220;1_4&#8243; _builder_version=&#8220;3.25&#8243; custom_padding=&#8220;|||&#8220; custom_padding__hover=&#8220;|||&#8220;][et_pb_image src=&#8220;https:\/\/www.pomtava.pl\/wp-content\/uploads\/2021\/02\/Zaworek-utwardzacza-VPT2.png&#8220; alt=&#8220;Zaworek utwardzacza VPT2&#8243; title_text=&#8220;Zaworek utwardzacza VPT2&#8243; show_in_lightbox=&#8220;on&#8220; use_overlay=&#8220;on&#8220; hover_overlay_color=&#8220;rgba(255,255,255,0.5)&#8220; align=&#8220;center&#8220; align_tablet=&#8220;center&#8220; align_phone=&#8220;&#8220; align_last_edited=&#8220;on|desktop&#8220; admin_label=&#8220;Obraz&#8220; module_class=&#8220;produkty_opis_img image-hover&#8220; _builder_version=&#8220;4.8.2&#8243; animation_style=&#8220;slide&#8220; animation_direction=&#8220;top&#8220; animation_duration=&#8220;500ms&#8220; animation_intensity_slide=&#8220;10%&#8220; use_border_color=&#8220;off&#8220; border_color=&#8220;#253437&#8243; border_style=&#8220;solid&#8220; animation=&#8220;top&#8220; sticky=&#8220;off&#8220; always_center_on_mobile=&#8220;on&#8220;][\/et_pb_image][et_pb_image src=&#8220;https:\/\/www.pomtava.pl\/wp-content\/uploads\/2021\/02\/Zaworki-Pomtava1.png&#8220; title_text=&#8220;Zaworki Pomtava1&#8243; show_in_lightbox=&#8220;on&#8220; use_overlay=&#8220;on&#8220; hover_overlay_color=&#8220;rgba(255,255,255,0.5)&#8220; align=&#8220;center&#8220; align_tablet=&#8220;center&#8220; align_phone=&#8220;&#8220; align_last_edited=&#8220;on|desktop&#8220; admin_label=&#8220;Obraz&#8220; module_class=&#8220;produkty_opis_img image-hover&#8220; _builder_version=&#8220;4.8.2&#8243; animation_style=&#8220;slide&#8220; animation_direction=&#8220;top&#8220; animation_duration=&#8220;500ms&#8220; animation_intensity_slide=&#8220;10%&#8220; use_border_color=&#8220;off&#8220; border_color=&#8220;#253437&#8243; border_style=&#8220;solid&#8220; animation=&#8220;top&#8220; sticky=&#8220;off&#8220; always_center_on_mobile=&#8220;on&#8220;][\/et_pb_image][\/et_pb_column][\/et_pb_row][\/et_pb_section]<\/p>\n","protected":false},"excerpt":{"rendered":"<p>Pomtava-Nadelventile Ventile sind ATEX-konform durch Druckluft ge\u00f6ffnet, durch Feder geschlossen spezielle Konstruktion erleichtert das Sp\u00fclen des Ventils geeignet f\u00fcr die meisten verwendeten Farben, Lacke und L\u00f6sungsmittel Spezialventile f\u00fcr H\u00e4rter VPT1 und VPT2 erm\u00f6glicht auch das Arbeiten mit erw\u00e4rmten Fl\u00fcssigkeiten (z. B. Epoxidharzen) Schweizer Qualit\u00e4t<\/p>\n","protected":false},"author":1,"featured_media":0,"parent":0,"menu_order":0,"comment_status":"closed","ping_status":"closed","template":"","meta":{"_et_pb_use_builder":"on","_et_pb_old_content":"","_et_gb_content_width":"","footnotes":""},"class_list":["post-117297","page","type-page","status-publish","hentry"],"_links":{"self":[{"href":"https:\/\/www.pomtava.pl\/de\/wp-json\/wp\/v2\/pages\/117297","targetHints":{"allow":["GET"]}}],"collection":[{"href":"https:\/\/www.pomtava.pl\/de\/wp-json\/wp\/v2\/pages"}],"about":[{"href":"https:\/\/www.pomtava.pl\/de\/wp-json\/wp\/v2\/types\/page"}],"author":[{"embeddable":true,"href":"https:\/\/www.pomtava.pl\/de\/wp-json\/wp\/v2\/users\/1"}],"replies":[{"embeddable":true,"href":"https:\/\/www.pomtava.pl\/de\/wp-json\/wp\/v2\/comments?post=117297"}],"version-history":[{"count":5,"href":"https:\/\/www.pomtava.pl\/de\/wp-json\/wp\/v2\/pages\/117297\/revisions"}],"predecessor-version":[{"id":117593,"href":"https:\/\/www.pomtava.pl\/de\/wp-json\/wp\/v2\/pages\/117297\/revisions\/117593"}],"wp:attachment":[{"href":"https:\/\/www.pomtava.pl\/de\/wp-json\/wp\/v2\/media?parent=117297"}],"curies":[{"name":"wp","href":"https:\/\/api.w.org\/{rel}","templated":true}]}}